{"id":1985,"date":"2021-01-13T11:29:07","date_gmt":"2021-01-13T10:29:07","guid":{"rendered":"https:\/\/www.sil.swiss\/cookie-policy\/"},"modified":"2025-12-12T15:40:11","modified_gmt":"2025-12-12T14:40:11","slug":"cookie-policy","status":"publish","type":"page","link":"https:\/\/www.sil.swiss\/de\/cookie-policy\/","title":{"rendered":"Cookie-Richtlinie"},"content":{"rendered":"<p>[vc_row][vc_column]<div class='basic-container basic-container--bg-white basic-container--text-black  clearfix' data-row><div class='basic-container__content basic-container__content--standard'><div class='introduction clearfix '><h2 class='introduction__title'>Cookie-Richtlinie<\/h2><div class='introduction__text'><div class=\"pos-top pos-center align_left column_parent col-lg-12 single-internal-gutter\">\n<div class=\"uncol style-light\">\n<div class=\"uncoltable\">\n<div class=\"uncell no-block-padding\">\n<div class=\"uncont\">\n<div class=\"uncode_text_column testoextra\">\n<h3>Cookies<\/h3>\n<p>Cookies sind Textdateien, die kleine Informationsmengen enthalten und auf dem Ger\u00e4t des Nutzers (Computer, Tablet, Smartphone) gespeichert werden, wenn eine Website besucht wird. Cookies erm\u00f6glichen es der Website, den Computer des Nutzers zu \u201eerkennen\u201c, jedoch nicht die Person selbst, und erleichtern so die Navigation.<\/p>\n<p>Durch die Verkn\u00fcpfung der Identifikationscodes der Cookies mit anderen nutzerbezogenen Informationen \u2013 zum Beispiel Daten, die beim Login erhoben werden \u2013 kann nachvollzogen werden, dass die im Cookie gespeicherten Informationen einem bestimmten Nutzer geh\u00f6ren.<\/p>\n<h3>Technische Cookies<\/h3>\n<p>Es gibt zahlreiche Technologien zur Speicherung von Informationen auf dem Ger\u00e4t des Nutzers; die bekannteste davon ist die Cookie-Technologie. Sie helfen bei der Navigation und erm\u00f6glichen dem Nutzer den Zugang zu den angebotenen Diensten. Sie sind notwendig f\u00fcr die \u00dcbermittlung elektronischer Kommunikation oder f\u00fcr die Bereitstellung eines ausdr\u00fccklich angeforderten Dienstes.<\/p>\n<p>Die Verwaltung oder Deaktivierung von Cookies kann je nach verwendetem Browser unterschiedlich sein. Durch \u00c4nderung der Browsereinstellungen k\u00f6nnen alle Cookies deaktiviert oder gel\u00f6scht werden, was allerdings den Zugriff auf Teile der Website beeintr\u00e4chtigen kann.<\/p>\n<p>Der Einsatz technischer Cookies gew\u00e4hrleistet eine sichere und effiziente Nutzung der Website.<\/p>\n<p>Cookies, die durch Dienste wie Google Analytics oder Blog-Statistiksysteme eingesetzt werden, gelten nur dann als technische Cookies, wenn sie ausschlie\u00dflich vom Websitebetreiber genutzt werden, um die Website zu optimieren.<\/p>\n<h3>Profilierungs-Cookies<\/h3>\n<p>Profilierungs-Cookies dienen der Erstellung von Benutzerprofilen und erm\u00f6glichen die Anzeige von Werbebotschaften gem\u00e4\u00df den Pr\u00e4ferenzen, die der Nutzer beim Surfen zeigt. Aufgrund ihres Eingriffs in die Privatsph\u00e4re ist f\u00fcr ihre Verwendung die ausdr\u00fcckliche Zustimmung des Nutzers erforderlich.<\/p>\n<p>Das Speichern von Informationen im Endger\u00e4t sowie der Zugriff darauf ist nur zul\u00e4ssig, wenn der Nutzer nach klarer Information eingewilligt hat.<\/p>\n<h3>First-Party-Cookies<\/h3>\n<p>Diese Cookies werden direkt vom Betreiber der Website verwaltet. F\u00fcr sie besteht die Informationspflicht und die Pflicht, Hinweise zur Blockierung zu geben.<\/p>\n<h3>Third-Party-Cookies<\/h3>\n<p>Diese Cookies werden von Dritten verwaltet, die nicht der Betreiber der Website sind. Daher obliegt die Informations- und Blockierungspflicht dem Drittanbieter. Der Betreiber muss jedoch Links zu den entsprechenden Informationen bereitstellen.<\/p>\n<p>Third-Party-Cookies k\u00f6nnen analytischer oder profilierender Natur sein. Analytische dienen der anonymen Erfassung der Nutzung der Website, profilierende der Erstellung von Benutzerprofilen f\u00fcr personalisierte Werbung.<\/p>\n<p>Die Zustimmung zu Profilierungs-Cookies erfolgt \u00fcber das entsprechende Banner auf der Startseite.<\/p>\n<h3>Dauer der Cookies<\/h3>\n<h3>Session-Cookies<\/h3>\n<p>Sie bleiben nur w\u00e4hrend der aktuellen Browsersitzung gespeichert und werden beim Schlie\u00dfen des Browsers gel\u00f6scht. Sie erm\u00f6glichen eine sichere und effiziente Navigation.<\/p>\n<h3>Permanente Cookies<\/h3>\n<p>Sie bleiben bis zu ihrem Ablaufdatum gespeichert, auch nach dem Schlie\u00dfen des Browsers. Sie erkennen den Nutzer wieder und erleichtern zuk\u00fcnftige Zugriffe.<\/p>\n<h3>Von dieser Website verwendete Cookies<\/h3>\n<table>\n<thead>\n<tr>\n<th>Cookie<\/th>\n<th>Typ<\/th>\n<th>Dauer<\/th>\n<th>Beschreibung<\/th>\n<\/tr>\n<\/thead>\n<tbody>\n<tr>\n<td>_gid<\/td>\n<td>Technisch<\/td>\n<td>10 Minuten<\/td>\n<td>Tracking-Cookie zur Nutzerwiedererkennung<\/td>\n<\/tr>\n<tr>\n<td>privacy_embeds<\/td>\n<td>Technisch<\/td>\n<td>Session<\/td>\n<td>Speicherung der Entscheidung, die Cookie-Meldung nicht erneut anzuzeigen<\/td>\n<\/tr>\n<tr>\n<td>wordpress_test_cookie<\/td>\n<td>Technisch<\/td>\n<td>Session<\/td>\n<td>Pr\u00fcft, ob der Browser Cookies akzeptiert (Login-Bereich)<\/td>\n<\/tr>\n<tr>\n<td>wfwaf-authcookie-xxx<\/td>\n<td>Technisch<\/td>\n<td>Session<\/td>\n<td>Wordfence-Firewall-Cookie zur Performancetestung<\/td>\n<\/tr>\n<tr>\n<td>wp-settings-1<\/td>\n<td>Technisch<\/td>\n<td>1 Jahr<\/td>\n<td>Personalisierung der Admin- bzw. ggf. \u00f6ffentlichen Ansicht<\/td>\n<\/tr>\n<tr>\n<td>wp-settings-time-1<\/td>\n<td>Technisch<\/td>\n<td>1 Jahr<\/td>\n<td>Wie oben<\/td>\n<\/tr>\n<tr>\n<td>wordpress_xxxxx<\/td>\n<td>Technisch<\/td>\n<td>Session<\/td>\n<td>Personalisierung der Benutzeroberfl\u00e4che<\/td>\n<\/tr>\n<tr>\n<td>_ga<\/td>\n<td>Analytisch (Third-Party)<\/td>\n<td>2 Jahre<\/td>\n<td>Google Analytics \u2013 Analyse der Website-Besuche<\/td>\n<\/tr>\n<tr>\n<td>_gat<\/td>\n<td>Analytisch (Third-Party)<\/td>\n<td>10 Minuten<\/td>\n<td>Google Analytics \u2013 Analyse der Website-Besuche<\/td>\n<\/tr>\n<\/tbody>\n<\/table>\n<p>Google Analytics-Cookies sammeln anonymisierte Informationen \u00fcber die Nutzung der Website, wie Besuche, Seitenaufrufe und Herkunft der Nutzer. Sie helfen, die Website zu verbessern.<\/p>\n<h3>Links zu anderen Websites<\/h3>\n<p>Diese Website enth\u00e4lt Links zu Websites von Dritten. Der Betreiber hat keine Kontrolle \u00fcber deren Cookies oder Tracking-Technologien. Die Cookie-Richtlinien dieser externen Websites sind unabh\u00e4ngig.<\/p>\n<h3>Wie man Cookies deaktiviert<\/h3>\n<p>Nutzer k\u00f6nnen Cookies \u00fcber die Einstellungen ihres Browsers deaktivieren oder l\u00f6schen. Weitere Informationen \u00fcber Cookies finden Sie auf allaboutcookies.org.<\/p>\n<p>F\u00fcr die Verwaltung von Werbung und Profilierungs-Cookies anderer Anbieter kann die Website youronlinechoices.com genutzt werden.<\/p>\n<p>Beachten Sie: Das Blockieren aller Cookies kann den Zugriff auf Teile der Website einschr\u00e4nken.<\/p>\n<h3>Kontakt<\/h3>\n<p>Postanschrift: Via San Gottardo 78 \u2013 6828 Balerna (CH)<br \/>\nE-Mail: info@sil.swiss<br \/>\nTelefon: +41 91 220 27 73<\/p>\n<p><strong>Letzte Aktualisierung: 05\/03\/2020<\/strong><\/p>\n<\/div>\n<\/div>\n<\/div>\n<\/div>\n<\/div>\n<\/div>\n<\/div><\/div><\/div><\/div>[\/vc_column][\/vc_row]<\/p>\n","protected":false},"excerpt":{"rendered":"<p>[vc_row][vc_column][\/vc_column][\/vc_row]<\/p>\n","protected":false},"author":1,"featured_media":0,"parent":0,"menu_order":0,"comment_status":"closed","ping_status":"closed","template":"page-templates\/regular-page.php","meta":{"_acf_changed":false,"footnotes":""},"class_list":["post-1985","page","type-page","status-publish","hentry"],"acf":[],"yoast_head":"<!-- This site is optimized with the Yoast SEO plugin v27.4 - https:\/\/yoast.com\/product\/yoast-seo-wordpress\/ -->\n<title>Cookie-Richtlinie - SIL<\/title>\n<meta name=\"robots\" content=\"index, follow, max-snippet:-1, max-image-preview:large, max-video-preview:-1\" \/>\n<link rel=\"canonical\" href=\"https:\/\/www.sil.swiss\/de\/cookie-policy\/\" \/>\n<meta property=\"og:locale\" content=\"de_DE\" \/>\n<meta property=\"og:type\" content=\"article\" \/>\n<meta property=\"og:title\" content=\"Cookie-Richtlinie - SIL\" \/>\n<meta property=\"og:description\" content=\"[vc_row][vc_column][\/vc_column][\/vc_row]\" \/>\n<meta property=\"og:url\" content=\"https:\/\/www.sil.swiss\/de\/cookie-policy\/\" \/>\n<meta property=\"og:site_name\" content=\"SIL\" \/>\n<meta property=\"article:modified_time\" content=\"2025-12-12T14:40:11+00:00\" \/>\n<meta name=\"twitter:card\" content=\"summary_large_image\" \/>\n<meta name=\"twitter:label1\" content=\"Gesch\u00e4tzte Lesezeit\" \/>\n\t<meta name=\"twitter:data1\" content=\"4 Minuten\" \/>\n<script type=\"application\/ld+json\" class=\"yoast-schema-graph\">{\"@context\":\"https:\\\/\\\/schema.org\",\"@graph\":[{\"@type\":\"WebPage\",\"@id\":\"https:\\\/\\\/www.sil.swiss\\\/de\\\/cookie-policy\\\/\",\"url\":\"https:\\\/\\\/www.sil.swiss\\\/de\\\/cookie-policy\\\/\",\"name\":\"Cookie-Richtlinie - SIL\",\"isPartOf\":{\"@id\":\"https:\\\/\\\/www.sil.swiss\\\/#website\"},\"datePublished\":\"2021-01-13T10:29:07+00:00\",\"dateModified\":\"2025-12-12T14:40:11+00:00\",\"breadcrumb\":{\"@id\":\"https:\\\/\\\/www.sil.swiss\\\/de\\\/cookie-policy\\\/#breadcrumb\"},\"inLanguage\":\"de-DE\",\"potentialAction\":[{\"@type\":\"ReadAction\",\"target\":[\"https:\\\/\\\/www.sil.swiss\\\/de\\\/cookie-policy\\\/\"]}]},{\"@type\":\"BreadcrumbList\",\"@id\":\"https:\\\/\\\/www.sil.swiss\\\/de\\\/cookie-policy\\\/#breadcrumb\",\"itemListElement\":[{\"@type\":\"ListItem\",\"position\":1,\"name\":\"Home\",\"item\":\"https:\\\/\\\/www.sil.swiss\\\/de\\\/\"},{\"@type\":\"ListItem\",\"position\":2,\"name\":\"Cookie-Richtlinie\"}]},{\"@type\":\"WebSite\",\"@id\":\"https:\\\/\\\/www.sil.swiss\\\/#website\",\"url\":\"https:\\\/\\\/www.sil.swiss\\\/\",\"name\":\"SIL\",\"description\":\"\",\"potentialAction\":[{\"@type\":\"SearchAction\",\"target\":{\"@type\":\"EntryPoint\",\"urlTemplate\":\"https:\\\/\\\/www.sil.swiss\\\/?s={search_term_string}\"},\"query-input\":{\"@type\":\"PropertyValueSpecification\",\"valueRequired\":true,\"valueName\":\"search_term_string\"}}],\"inLanguage\":\"de-DE\"}]}<\/script>\n<!-- \/ Yoast SEO plugin. -->","yoast_head_json":{"title":"Cookie-Richtlinie - SIL","robots":{"index":"index","follow":"follow","max-snippet":"max-snippet:-1","max-image-preview":"max-image-preview:large","max-video-preview":"max-video-preview:-1"},"canonical":"https:\/\/www.sil.swiss\/de\/cookie-policy\/","og_locale":"de_DE","og_type":"article","og_title":"Cookie-Richtlinie - SIL","og_description":"[vc_row][vc_column][\/vc_column][\/vc_row]","og_url":"https:\/\/www.sil.swiss\/de\/cookie-policy\/","og_site_name":"SIL","article_modified_time":"2025-12-12T14:40:11+00:00","twitter_card":"summary_large_image","twitter_misc":{"Gesch\u00e4tzte Lesezeit":"4 Minuten"},"schema":{"@context":"https:\/\/schema.org","@graph":[{"@type":"WebPage","@id":"https:\/\/www.sil.swiss\/de\/cookie-policy\/","url":"https:\/\/www.sil.swiss\/de\/cookie-policy\/","name":"Cookie-Richtlinie - SIL","isPartOf":{"@id":"https:\/\/www.sil.swiss\/#website"},"datePublished":"2021-01-13T10:29:07+00:00","dateModified":"2025-12-12T14:40:11+00:00","breadcrumb":{"@id":"https:\/\/www.sil.swiss\/de\/cookie-policy\/#breadcrumb"},"inLanguage":"de-DE","potentialAction":[{"@type":"ReadAction","target":["https:\/\/www.sil.swiss\/de\/cookie-policy\/"]}]},{"@type":"BreadcrumbList","@id":"https:\/\/www.sil.swiss\/de\/cookie-policy\/#breadcrumb","itemListElement":[{"@type":"ListItem","position":1,"name":"Home","item":"https:\/\/www.sil.swiss\/de\/"},{"@type":"ListItem","position":2,"name":"Cookie-Richtlinie"}]},{"@type":"WebSite","@id":"https:\/\/www.sil.swiss\/#website","url":"https:\/\/www.sil.swiss\/","name":"SIL","description":"","potentialAction":[{"@type":"SearchAction","target":{"@type":"EntryPoint","urlTemplate":"https:\/\/www.sil.swiss\/?s={search_term_string}"},"query-input":{"@type":"PropertyValueSpecification","valueRequired":true,"valueName":"search_term_string"}}],"inLanguage":"de-DE"}]}},"_links":{"self":[{"href":"https:\/\/www.sil.swiss\/de\/wp-json\/wp\/v2\/pages\/1985","targetHints":{"allow":["GET"]}}],"collection":[{"href":"https:\/\/www.sil.swiss\/de\/wp-json\/wp\/v2\/pages"}],"about":[{"href":"https:\/\/www.sil.swiss\/de\/wp-json\/wp\/v2\/types\/page"}],"author":[{"embeddable":true,"href":"https:\/\/www.sil.swiss\/de\/wp-json\/wp\/v2\/users\/1"}],"replies":[{"embeddable":true,"href":"https:\/\/www.sil.swiss\/de\/wp-json\/wp\/v2\/comments?post=1985"}],"version-history":[{"count":2,"href":"https:\/\/www.sil.swiss\/de\/wp-json\/wp\/v2\/pages\/1985\/revisions"}],"predecessor-version":[{"id":2119,"href":"https:\/\/www.sil.swiss\/de\/wp-json\/wp\/v2\/pages\/1985\/revisions\/2119"}],"wp:attachment":[{"href":"https:\/\/www.sil.swiss\/de\/wp-json\/wp\/v2\/media?parent=1985"}],"curies":[{"name":"wp","href":"https:\/\/api.w.org\/{rel}","templated":true}]}}